{"id":49,"date":"2025-11-30T14:35:38","date_gmt":"2025-11-30T13:35:38","guid":{"rendered":"http:\/\/konor.vilaga.eu\/?page_id=49"},"modified":"2025-12-07T15:09:41","modified_gmt":"2025-12-07T14:09:41","slug":"ural-hegyseg","status":"publish","type":"page","link":"http:\/\/konor.vilaga.eu\/index.php\/ural-hegyseg\/","title":{"rendered":"Ur\u00e1l hegys\u00e9g"},"content":{"rendered":"\n<p>Az Ur\u00e1l \u00e9szak\u2013d\u00e9li ir\u00e1nyban, mintegy 2500 kilom\u00e9ter hosszan ter\u00fcl el&nbsp;<a href=\"https:\/\/hu.wikipedia.org\/wiki\/Kazahszt%C3%A1n\">Kazahszt\u00e1n<\/a>&nbsp;\u00e9szaki vid\u00e9ke, a kazah sztyepp\u00e9k&nbsp;vil\u00e1ga, valamint Eur\u00e1zsia \u00e9szaki,<a href=\"https:\/\/hu.wikipedia.org\/wiki\/Jeges-tenger\"> jeges-tengeri<\/a>&nbsp;partvid\u00e9ke k\u00f6z\u00f6tt. Sz\u00e9less\u00e9ge 50 \u00e9s 200 kilom\u00e9ter k\u00f6z\u00f6tt v\u00e1ltakozik. A hegyl\u00e1nc folytat\u00e1s\u00e1t \u00e9szakon a&nbsp;<a href=\"https:\/\/hu.wikipedia.org\/wiki\/Novaja_Zemlja\">Novaja Zemlja<\/a>&nbsp;sziget adja.<\/p>\n\n\n\n<p><a href=\"https:\/\/7flamme.com\/hu\/themes\/28185-ural-mountains-facts-learn-about-this-russian-mountain-range\">&gt;Ur\u00e1l hegys\u00e9g tudjon meg t\u00f6bbet!&lt; <\/a><\/p>\n","protected":false},"excerpt":{"rendered":"<p>Az Ur\u00e1l \u00e9szak\u2013d\u00e9li ir\u00e1nyban, mintegy 2500 kilom\u00e9ter hosszan ter\u00fcl el&nbsp;Kazahszt\u00e1n&nbsp;\u00e9szaki vid\u00e9ke, a kazah sztyepp\u00e9k&nbsp;vil\u00e1ga, valamint Eur\u00e1zsia \u00e9szaki, jeges-tengeri&nbsp;partvid\u00e9ke k\u00f6z\u00f6tt. Sz\u00e9less\u00e9ge 50 \u00e9s 200 kilom\u00e9ter k\u00f6z\u00f6tt v\u00e1ltakozik. A hegyl\u00e1nc folytat\u00e1s\u00e1t \u00e9szakon a&nbsp;Novaja Zemlja&nbsp;sziget adja. &gt;Ur\u00e1l hegys\u00e9g tudjon meg t\u00f6bbet!&lt;<\/p>\n","protected":false},"author":1,"featured_media":0,"parent":0,"menu_order":0,"comment_status":"closed","ping_status":"closed","template":"","meta":{"footnotes":""},"class_list":["post-49","page","type-page","status-publish","hentry"],"_links":{"self":[{"href":"http:\/\/konor.vilaga.eu\/index.php\/wp-json\/wp\/v2\/pages\/49","targetHints":{"allow":["GET"]}}],"collection":[{"href":"http:\/\/konor.vilaga.eu\/index.php\/wp-json\/wp\/v2\/pages"}],"about":[{"href":"http:\/\/konor.vilaga.eu\/index.php\/wp-json\/wp\/v2\/types\/page"}],"author":[{"embeddable":true,"href":"http:\/\/konor.vilaga.eu\/index.php\/wp-json\/wp\/v2\/users\/1"}],"replies":[{"embeddable":true,"href":"http:\/\/konor.vilaga.eu\/index.php\/wp-json\/wp\/v2\/comments?post=49"}],"version-history":[{"count":5,"href":"http:\/\/konor.vilaga.eu\/index.php\/wp-json\/wp\/v2\/pages\/49\/revisions"}],"predecessor-version":[{"id":61,"href":"http:\/\/konor.vilaga.eu\/index.php\/wp-json\/wp\/v2\/pages\/49\/revisions\/61"}],"wp:attachment":[{"href":"http:\/\/konor.vilaga.eu\/index.php\/wp-json\/wp\/v2\/media?parent=49"}],"curies":[{"name":"wp","href":"https:\/\/api.w.org\/{rel}","templated":true}]}}