{"id":43,"date":"2025-11-23T15:20:17","date_gmt":"2025-11-23T14:20:17","guid":{"rendered":"http:\/\/konor.vilaga.eu\/?page_id=43"},"modified":"2025-11-23T15:20:17","modified_gmt":"2025-11-23T14:20:17","slug":"kapcsolat","status":"publish","type":"page","link":"http:\/\/konor.vilaga.eu\/index.php\/kapcsolat\/","title":{"rendered":"Kapcsolat"},"content":{"rendered":"\n<div class=\"wp-block-media-text is-stacked-on-mobile is-vertically-aligned-center\" style=\"grid-template-columns:21% auto\"><figure class=\"wp-block-media-text__media\"><img loading=\"lazy\" decoding=\"async\" width=\"1024\" height=\"1024\" src=\"http:\/\/konor.vilaga.eu\/wp-content\/uploads\/2025\/11\/google-mail-gmail-icon-logo-symbol-free-png-1024x1024.webp\" alt=\"\" class=\"wp-image-44 size-full\" srcset=\"http:\/\/konor.vilaga.eu\/wp-content\/uploads\/2025\/11\/google-mail-gmail-icon-logo-symbol-free-png-1024x1024.webp 1024w, http:\/\/konor.vilaga.eu\/wp-content\/uploads\/2025\/11\/google-mail-gmail-icon-logo-symbol-free-png-300x300.webp 300w, http:\/\/konor.vilaga.eu\/wp-content\/uploads\/2025\/11\/google-mail-gmail-icon-logo-symbol-free-png-150x150.webp 150w, http:\/\/konor.vilaga.eu\/wp-content\/uploads\/2025\/11\/google-mail-gmail-icon-logo-symbol-free-png-768x768.webp 768w, http:\/\/konor.vilaga.eu\/wp-content\/uploads\/2025\/11\/google-mail-gmail-icon-logo-symbol-free-png-1536x1536.webp 1536w, http:\/\/konor.vilaga.eu\/wp-content\/uploads\/2025\/11\/google-mail-gmail-icon-logo-symbol-free-png-100x100.webp 100w, http:\/\/konor.vilaga.eu\/wp-content\/uploads\/2025\/11\/google-mail-gmail-icon-logo-symbol-free-png.webp 1920w\" sizes=\"auto, (max-width: 767px) 89vw, (max-width: 1000px) 54vw, (max-width: 1071px) 543px, 580px\" \/><\/figure><div class=\"wp-block-media-text__content\">\n<p class=\"has-medium-font-size\">Felveheted velem a kapcsolatot az al\u00e1bbi \u00fcrlap seg\u00edts\u00e9g\u00e9vel.<\/p>\n<\/div><\/div>\n\n\n\n<p class=\"has-small-font-size\"><\/p>\n\n\n\n<p style=\"font-size:20px\"><\/p>\n","protected":false},"excerpt":{"rendered":"<p>Felveheted velem a kapcsolatot az al\u00e1bbi \u00fcrlap seg\u00edts\u00e9g\u00e9vel.<\/p>\n","protected":false},"author":1,"featured_media":0,"parent":0,"menu_order":0,"comment_status":"closed","ping_status":"closed","template":"","meta":{"footnotes":""},"class_list":["post-43","page","type-page","status-publish","hentry"],"_links":{"self":[{"href":"http:\/\/konor.vilaga.eu\/index.php\/wp-json\/wp\/v2\/pages\/43","targetHints":{"allow":["GET"]}}],"collection":[{"href":"http:\/\/konor.vilaga.eu\/index.php\/wp-json\/wp\/v2\/pages"}],"about":[{"href":"http:\/\/konor.vilaga.eu\/index.php\/wp-json\/wp\/v2\/types\/page"}],"author":[{"embeddable":true,"href":"http:\/\/konor.vilaga.eu\/index.php\/wp-json\/wp\/v2\/users\/1"}],"replies":[{"embeddable":true,"href":"http:\/\/konor.vilaga.eu\/index.php\/wp-json\/wp\/v2\/comments?post=43"}],"version-history":[{"count":1,"href":"http:\/\/konor.vilaga.eu\/index.php\/wp-json\/wp\/v2\/pages\/43\/revisions"}],"predecessor-version":[{"id":45,"href":"http:\/\/konor.vilaga.eu\/index.php\/wp-json\/wp\/v2\/pages\/43\/revisions\/45"}],"wp:attachment":[{"href":"http:\/\/konor.vilaga.eu\/index.php\/wp-json\/wp\/v2\/media?parent=43"}],"curies":[{"name":"wp","href":"https:\/\/api.w.org\/{rel}","templated":true}]}}