{"id":2,"date":"2025-11-09T15:57:21","date_gmt":"2025-11-09T14:57:21","guid":{"rendered":"http:\/\/konor.vilaga.eu\/?page_id=2"},"modified":"2025-11-23T15:10:35","modified_gmt":"2025-11-23T14:10:35","slug":"ez-egy-minta-oldal","status":"publish","type":"page","link":"http:\/\/konor.vilaga.eu\/index.php\/ez-egy-minta-oldal\/","title":{"rendered":"\u00dcdv\u00f6z\u00f6llek a WorldPress vil\u00e1g\u00e1ban"},"content":{"rendered":"\n<p>Ez az oldal a WorldPress port\u00e1l szerkeszt\u0151 gyakorl\u00e1sa r\u00e9v\u00e9n j\u00f6tt l\u00e9tre, melynek keret\u00e9ben a WorldPress<\/p>\n\n\n<div class=\"wp-block-image\">\n<figure class=\"aligncenter size-full is-resized\"><img loading=\"lazy\" decoding=\"async\" width=\"632\" height=\"395\" src=\"http:\/\/konor.vilaga.eu\/wp-content\/uploads\/2025\/11\/wp_logo-rbg.png\" alt=\"\" class=\"wp-image-41\" style=\"width:286px;height:auto\" srcset=\"http:\/\/konor.vilaga.eu\/wp-content\/uploads\/2025\/11\/wp_logo-rbg.png 632w, http:\/\/konor.vilaga.eu\/wp-content\/uploads\/2025\/11\/wp_logo-rbg-300x188.png 300w\" sizes=\"auto, (max-width: 632px) 100vw, 632px\" \/><\/figure>\n<\/div>\n\n\n<p><\/p>\n","protected":false},"excerpt":{"rendered":"<p>Ez az oldal a WorldPress port\u00e1l szerkeszt\u0151 gyakorl\u00e1sa r\u00e9v\u00e9n j\u00f6tt l\u00e9tre, melynek keret\u00e9ben a WorldPress<\/p>\n","protected":false},"author":1,"featured_media":0,"parent":0,"menu_order":0,"comment_status":"closed","ping_status":"open","template":"","meta":{"footnotes":""},"class_list":["post-2","page","type-page","status-publish","hentry"],"_links":{"self":[{"href":"http:\/\/konor.vilaga.eu\/index.php\/wp-json\/wp\/v2\/pages\/2","targetHints":{"allow":["GET"]}}],"collection":[{"href":"http:\/\/konor.vilaga.eu\/index.php\/wp-json\/wp\/v2\/pages"}],"about":[{"href":"http:\/\/konor.vilaga.eu\/index.php\/wp-json\/wp\/v2\/types\/page"}],"author":[{"embeddable":true,"href":"http:\/\/konor.vilaga.eu\/index.php\/wp-json\/wp\/v2\/users\/1"}],"replies":[{"embeddable":true,"href":"http:\/\/konor.vilaga.eu\/index.php\/wp-json\/wp\/v2\/comments?post=2"}],"version-history":[{"count":1,"href":"http:\/\/konor.vilaga.eu\/index.php\/wp-json\/wp\/v2\/pages\/2\/revisions"}],"predecessor-version":[{"id":42,"href":"http:\/\/konor.vilaga.eu\/index.php\/wp-json\/wp\/v2\/pages\/2\/revisions\/42"}],"wp:attachment":[{"href":"http:\/\/konor.vilaga.eu\/index.php\/wp-json\/wp\/v2\/media?parent=2"}],"curies":[{"name":"wp","href":"https:\/\/api.w.org\/{rel}","templated":true}]}}